{"id":1736,"date":"2024-09-03T13:20:24","date_gmt":"2024-09-03T13:20:24","guid":{"rendered":"https:\/\/www.flexyfinder.com\/polityka-prywatnosci\/"},"modified":"2024-09-18T10:26:26","modified_gmt":"2024-09-18T10:26:26","slug":"polityka-prywatnosci","status":"publish","type":"page","link":"https:\/\/www.flexyfinder.com\/pl\/polityka-prywatnosci\/","title":{"rendered":"Polityka prywatno\u015bci"},"content":{"rendered":"\t\t<div data-elementor-type=\"wp-page\" data-elementor-id=\"1736\" class=\"elementor elementor-1736 elementor-1235\">\n\t\t\t\t<div class=\"elementor-element elementor-element-dd348d7 e-flex e-con-boxed e-con e-parent\" data-id=\"dd348d7\" data-element_type=\"container\" data-settings=\"{&quot;background_background&quot;:&quot;gradient&quot;,&quot;shape_divider_bottom&quot;:&quot;tilt&quot;}\">\n\t\t\t\t\t<div class=\"e-con-inner\">\n\t\t\t\t<div class=\"elementor-shape elementor-shape-bottom\" data-negative=\"false\">\n\t\t\t<svg xmlns=\"http:\/\/www.w3.org\/2000\/svg\" viewBox=\"0 0 1000 100\" preserveAspectRatio=\"none\">\n\t<path class=\"elementor-shape-fill\" d=\"M0,6V0h1000v100L0,6z\"\/>\n<\/svg>\t\t<\/div>\n\t\t\t\t\t<\/div>\n\t\t\t\t<\/div>\n\t\t<div class=\"elementor-element elementor-element-75ec0abc e-flex e-con-boxed e-con e-parent\" data-id=\"75ec0abc\" data-element_type=\"container\" data-settings=\"{&quot;background_background&quot;:&quot;classic&quot;}\">\n\t\t\t\t\t<div class=\"e-con-inner\">\n\t\t\t\t<div class=\"elementor-element elementor-element-20a021a9 elementor-widget-tablet_extra__width-initial elementor-widget elementor-widget-heading\" data-id=\"20a021a9\" data-element_type=\"widget\" data-widget_type=\"heading.default\">\n\t\t\t\t<div class=\"elementor-widget-container\">\n\t\t\t<h1 class=\"elementor-heading-title elementor-size-default\">Polityka prywatno\u015bci <\/h1>\t\t<\/div>\n\t\t\t\t<\/div>\n\t\t\t\t\t<\/div>\n\t\t\t\t<\/div>\n\t\t<div class=\"elementor-element elementor-element-ae619ab e-flex e-con-boxed e-con e-parent\" data-id=\"ae619ab\" data-element_type=\"container\">\n\t\t\t\t\t<div class=\"e-con-inner\">\n\t\t\t\t<div class=\"elementor-element elementor-element-4c28054 elementor-widget elementor-widget-heading\" data-id=\"4c28054\" data-element_type=\"widget\" data-widget_type=\"heading.default\">\n\t\t\t\t<div class=\"elementor-widget-container\">\n\t\t\t<h2 class=\"elementor-heading-title elementor-size-default\">Kim jeste\u015bmy<\/h2>\t\t<\/div>\n\t\t\t\t<\/div>\n\t\t\t\t<div class=\"elementor-element elementor-element-e45515f elementor-widget elementor-widget-text-editor\" data-id=\"e45515f\" data-element_type=\"widget\" data-widget_type=\"text-editor.default\">\n\t\t\t\t<div class=\"elementor-widget-container\">\n\t\t\t\t\t\t\t<p>Nasz adres internetowy to: <a href=\"https:\/\/www.flexyfinder.com\/pl\/\">https:\/\/www.flexyfinder.com.<\/a><\/p>\n\t\t\t\t\t\t<\/div>\n\t\t\t\t<\/div>\n\t\t\t\t<div class=\"elementor-element elementor-element-e50c796 elementor-widget elementor-widget-heading\" data-id=\"e50c796\" data-element_type=\"widget\" data-widget_type=\"heading.default\">\n\t\t\t\t<div class=\"elementor-widget-container\">\n\t\t\t<h2 class=\"elementor-heading-title elementor-size-default\">Komentarze na stronie internetowej<\/h2>\t\t<\/div>\n\t\t\t\t<\/div>\n\t\t\t\t<div class=\"elementor-element elementor-element-3b6187f elementor-widget elementor-widget-text-editor\" data-id=\"3b6187f\" data-element_type=\"widget\" data-widget_type=\"text-editor.default\">\n\t\t\t\t<div class=\"elementor-widget-container\">\n\t\t\t\t\t\t\tGdy odwiedzaj\u0105cy zostawiaj\u0105 komentarze na stronie, zbieramy dane wy\u015bwietlane w formularzu komentarza, a tak\u017ce adres IP odwiedzaj\u0105cego i ci\u0105g agenta u\u017cytkownika przegl\u0105darki, aby u\u0142atwi\u0107 wykrywanie spamu.  \t\t\t\t\t\t<\/div>\n\t\t\t\t<\/div>\n\t\t\t\t<div class=\"elementor-element elementor-element-d2f1b58 elementor-widget elementor-widget-text-editor\" data-id=\"d2f1b58\" data-element_type=\"widget\" data-widget_type=\"text-editor.default\">\n\t\t\t\t<div class=\"elementor-widget-container\">\n\t\t\t\t\t\t\t<p>Zanonimizowany ci\u0105g znak\u00f3w utworzony z adresu e-mail u\u017cytkownika (zwany r\u00f3wnie\u017c skr\u00f3tem) mo\u017ce zosta\u0107 przekazany do us\u0142ugi Gravatar w celu sprawdzenia, czy u\u017cytkownik z niej korzysta.<br \/>\nPolityk\u0119 prywatno\u015bci us\u0142ugi Gravatar mo\u017cna znale\u017a\u0107 tutaj: <a href=\"https:\/\/automattic.com\/privacy\/\">https:\/\/automattic.com\/privacy.<\/a><br \/>\nPo zatwierdzeniu komentarza zdj\u0119cie profilowe jest widoczne publicznie w kontek\u015bcie komentarza.  <\/p>\n\t\t\t\t\t\t<\/div>\n\t\t\t\t<\/div>\n\t\t\t\t<div class=\"elementor-element elementor-element-99b43ba elementor-widget elementor-widget-heading\" data-id=\"99b43ba\" data-element_type=\"widget\" data-widget_type=\"heading.default\">\n\t\t\t\t<div class=\"elementor-widget-container\">\n\t\t\t<h2 class=\"elementor-heading-title elementor-size-default\">Media<\/h2>\t\t<\/div>\n\t\t\t\t<\/div>\n\t\t\t\t<div class=\"elementor-element elementor-element-1a82907 elementor-widget elementor-widget-text-editor\" data-id=\"1a82907\" data-element_type=\"widget\" data-widget_type=\"text-editor.default\">\n\t\t\t\t<div class=\"elementor-widget-container\">\n\t\t\t\t\t\t\tW przypadku przesy\u0142ania obraz\u00f3w do witryny nale\u017cy unika\u0107 przesy\u0142ania obraz\u00f3w z osadzonymi danymi lokalizacji (EXIF GPS).\nOdwiedzaj\u0105cy witryn\u0119 mog\u0105 pobiera\u0107 i wyodr\u0119bnia\u0107 dane o lokalizacji z obraz\u00f3w w witrynie.   \t\t\t\t\t\t<\/div>\n\t\t\t\t<\/div>\n\t\t\t\t<div class=\"elementor-element elementor-element-2bdffd8 elementor-widget elementor-widget-heading\" data-id=\"2bdffd8\" data-element_type=\"widget\" data-widget_type=\"heading.default\">\n\t\t\t\t<div class=\"elementor-widget-container\">\n\t\t\t<h2 class=\"elementor-heading-title elementor-size-default\">Pliki cookie<\/h2>\t\t<\/div>\n\t\t\t\t<\/div>\n\t\t\t\t<div class=\"elementor-element elementor-element-1b01250 elementor-widget elementor-widget-text-editor\" data-id=\"1b01250\" data-element_type=\"widget\" data-widget_type=\"text-editor.default\">\n\t\t\t\t<div class=\"elementor-widget-container\">\n\t\t\t\t\t\t\t<p>Je\u015bli zostawisz komentarz na naszej stronie internetowej, mo\u017cesz zapisa\u0107 swoje imi\u0119 i nazwisko, adres e-mail i stron\u0119 internetow\u0105 w plikach cookie.<br \/>\nS\u0105 one przeznaczone dla Twojej wygody, aby\u015b nie musia\u0142 ponownie wpisywa\u0107 swoich danych, gdy zostawiasz nowy komentarz.<br \/>\nTe pliki cookie dzia\u0142aj\u0105 przez rok.  <\/p>\n\t\t\t\t\t\t<\/div>\n\t\t\t\t<\/div>\n\t\t\t\t<div class=\"elementor-element elementor-element-cc1c195 elementor-widget elementor-widget-text-editor\" data-id=\"cc1c195\" data-element_type=\"widget\" data-widget_type=\"text-editor.default\">\n\t\t\t\t<div class=\"elementor-widget-container\">\n\t\t\t\t\t\t\tJe\u015bli odwiedzasz nasz\u0105 stron\u0119 logowania, ustawiamy tymczasowy plik cookie, aby okre\u015bli\u0107, czy Twoja przegl\u0105darka akceptuje pliki cookie.\nTen plik cookie nie zawiera \u017cadnych danych osobowych i znika po zamkni\u0119ciu przegl\u0105darki. <br><br>  Podczas logowania ustawimy r\u00f3wnie\u017c kilka plik\u00f3w cookie, aby zapisa\u0107 informacje logowania i opcje wy\u015bwietlania ekranu.\nPliki cookie logowania s\u0105 przechowywane przez dwa dni, a pliki cookie opcji ekranu przez rok.\nJe\u015bli u\u017cytkownik wybierze opcj\u0119 &#8222;Zapami\u0119taj mnie&#8221;, dane logowania b\u0119d\u0105 przechowywane przez dwa tygodnie.\nPo wylogowaniu si\u0119 z konta pliki cookie logowania zostan\u0105 usuni\u0119te.     <brbr>  Je\u015bli edytujesz lub publikujesz artyku\u0142, w Twojej przegl\u0105darce zapisywany jest dodatkowy plik cookie.\nTen plik cookie nie zawiera \u017cadnych danych osobowych i po prostu wskazuje identyfikator posta artyku\u0142u, kt\u00f3ry w\u0142a\u015bnie edytowa\u0142e\u015b.\nWygasa on po 1 dniu.  \t\t\t\t\t\t<\/div>\n\t\t\t\t<\/div>\n\t\t\t\t<div class=\"elementor-element elementor-element-30c4ef8 elementor-widget elementor-widget-heading\" data-id=\"30c4ef8\" data-element_type=\"widget\" data-widget_type=\"heading.default\">\n\t\t\t\t<div class=\"elementor-widget-container\">\n\t\t\t<h2 class=\"elementor-heading-title elementor-size-default\">Osadzona zawarto\u015b\u0107 z innych stron internetowych<\/h2>\t\t<\/div>\n\t\t\t\t<\/div>\n\t\t\t\t<div class=\"elementor-element elementor-element-db0880c elementor-widget elementor-widget-text-editor\" data-id=\"db0880c\" data-element_type=\"widget\" data-widget_type=\"text-editor.default\">\n\t\t\t\t<div class=\"elementor-widget-container\">\n\t\t\t\t\t\t\tArtyku\u0142y na tej stronie mog\u0105 zawiera\u0107 osadzone tre\u015bci (np. filmy, obrazy, artyku\u0142y itp.).\nOsadzone tre\u015bci z innych witryn zachowuj\u0105 si\u0119 dok\u0142adnie tak samo, jak gdyby u\u017cytkownik odwiedzi\u0142 inn\u0105 witryn\u0119. <br><br>  Witryny te mog\u0105 gromadzi\u0107 dane o u\u017cytkowniku, wykorzystywa\u0107 pliki cookie, osadza\u0107 dodatkowe \u015bledzenie stron trzecich i monitorowa\u0107 interakcj\u0119 u\u017cytkownika z osadzon\u0105 zawarto\u015bci\u0105, w tym \u015bledzi\u0107 interakcj\u0119 u\u017cytkownika z osadzon\u0105 zawarto\u015bci\u0105, je\u015bli u\u017cytkownik ma konto i jest zalogowany w tej witrynie.\t\t\t\t\t\t<\/div>\n\t\t\t\t<\/div>\n\t\t\t\t<div class=\"elementor-element elementor-element-3cc13b5 elementor-widget elementor-widget-heading\" data-id=\"3cc13b5\" data-element_type=\"widget\" data-widget_type=\"heading.default\">\n\t\t\t\t<div class=\"elementor-widget-container\">\n\t\t\t<h2 class=\"elementor-heading-title elementor-size-default\">Komu udost\u0119pniamy dane u\u017cytkownika<\/h2>\t\t<\/div>\n\t\t\t\t<\/div>\n\t\t\t\t<div class=\"elementor-element elementor-element-da25fc2 elementor-widget elementor-widget-text-editor\" data-id=\"da25fc2\" data-element_type=\"widget\" data-widget_type=\"text-editor.default\">\n\t\t\t\t<div class=\"elementor-widget-container\">\n\t\t\t\t\t\t\t<p>Je\u015bli poprosisz o zresetowanie has\u0142a, Tw\u00f3j adres IP zostanie uwzgl\u0119dniony w wiadomo\u015bci e-mail z pro\u015bb\u0105 o zresetowanie has\u0142a.<\/p>\n\t\t\t\t\t\t<\/div>\n\t\t\t\t<\/div>\n\t\t\t\t<div class=\"elementor-element elementor-element-a6c35b8 elementor-widget elementor-widget-heading\" data-id=\"a6c35b8\" data-element_type=\"widget\" data-widget_type=\"heading.default\">\n\t\t\t\t<div class=\"elementor-widget-container\">\n\t\t\t<h2 class=\"elementor-heading-title elementor-size-default\">Jak d\u0142ugo przechowujemy dane u\u017cytkownika<\/h2>\t\t<\/div>\n\t\t\t\t<\/div>\n\t\t\t\t<div class=\"elementor-element elementor-element-ec32f17 elementor-widget elementor-widget-text-editor\" data-id=\"ec32f17\" data-element_type=\"widget\" data-widget_type=\"text-editor.default\">\n\t\t\t\t<div class=\"elementor-widget-container\">\n\t\t\t\t\t\t\tJe\u015bli zostawisz komentarz, komentarz i jego metadane s\u0105 przechowywane przez czas nieokre\u015blony.\nDzi\u0119ki temu mo\u017cemy automatycznie rozpoznawa\u0107 i zatwierdza\u0107 kolejne komentarze, zamiast trzyma\u0107 je w kolejce do moderacji. <br><br>  W przypadku u\u017cytkownik\u00f3w, kt\u00f3rzy zarejestruj\u0105 si\u0119 na naszej stronie internetowej (je\u015bli tacy istniej\u0105), przechowujemy r\u00f3wnie\u017c dane osobowe, kt\u00f3re podaj\u0105 w swoim profilu u\u017cytkownika.\nWszyscy u\u017cytkownicy mog\u0105 przegl\u0105da\u0107, edytowa\u0107 lub usuwa\u0107 swoje dane osobowe w dowolnym momencie (z wyj\u0105tkiem tego, \u017ce nie mog\u0105 zmieni\u0107 swojej nazwy u\u017cytkownika).\nAdministratorzy witryny mog\u0105 r\u00f3wnie\u017c przegl\u0105da\u0107 i edytowa\u0107 te informacje.  \t\t\t\t\t\t<\/div>\n\t\t\t\t<\/div>\n\t\t\t\t<div class=\"elementor-element elementor-element-be083a5 elementor-widget elementor-widget-heading\" data-id=\"be083a5\" data-element_type=\"widget\" data-widget_type=\"heading.default\">\n\t\t\t\t<div class=\"elementor-widget-container\">\n\t\t\t<h2 class=\"elementor-heading-title elementor-size-default\">Jakie prawa przys\u0142uguj\u0105 u\u017cytkownikowi w odniesieniu do jego danych<\/h2>\t\t<\/div>\n\t\t\t\t<\/div>\n\t\t\t\t<div class=\"elementor-element elementor-element-faa9ba2 elementor-widget elementor-widget-text-editor\" data-id=\"faa9ba2\" data-element_type=\"widget\" data-widget_type=\"text-editor.default\">\n\t\t\t\t<div class=\"elementor-widget-container\">\n\t\t\t\t\t\t\t<p>Je\u015bli masz konto na tej stronie lub zostawi\u0142e\u015b komentarze, mo\u017cesz poprosi\u0107 o otrzymanie wyeksportowanego pliku danych osobowych, kt\u00f3re przechowujemy na Tw\u00f3j temat, w tym danych, kt\u00f3re nam przekaza\u0142e\u015b.<br \/>\nU\u017cytkownik mo\u017ce r\u00f3wnie\u017c za\u017c\u0105da\u0107 usuni\u0119cia wszelkich przechowywanych przez nas jego danych osobowych.<br \/>\nNie obejmuje to danych, kt\u00f3re jeste\u015bmy zobowi\u0105zani przechowywa\u0107 ze wzgl\u0119d\u00f3w administracyjnych, prawnych lub bezpiecze\u0144stwa.  <\/p>\n\t\t\t\t\t\t<\/div>\n\t\t\t\t<\/div>\n\t\t\t\t<div class=\"elementor-element elementor-element-382ef4b elementor-widget elementor-widget-heading\" data-id=\"382ef4b\" data-element_type=\"widget\" data-widget_type=\"heading.default\">\n\t\t\t\t<div class=\"elementor-widget-container\">\n\t\t\t<h2 class=\"elementor-heading-title elementor-size-default\">Gdzie przesy\u0142ane s\u0105 dane u\u017cytkownika<\/h2>\t\t<\/div>\n\t\t\t\t<\/div>\n\t\t\t\t<div class=\"elementor-element elementor-element-5e9a58d elementor-widget elementor-widget-text-editor\" data-id=\"5e9a58d\" data-element_type=\"widget\" data-widget_type=\"text-editor.default\">\n\t\t\t\t<div class=\"elementor-widget-container\">\n\t\t\t\t\t\t\t<p>Komentarze odwiedzaj\u0105cych mog\u0105 by\u0107 sprawdzane przez automatyczn\u0105 us\u0142ug\u0119 wykrywania spamu.<\/p>\n\t\t\t\t\t\t<\/div>\n\t\t\t\t<\/div>\n\t\t\t\t\t<\/div>\n\t\t\t\t<\/div>\n\t\t\t\t<\/div>\n\t\t","protected":false},"excerpt":{"rendered":"<p>Polityka prywatno\u015bci Kim jeste\u015bmy Nasz adres internetowy to: https:\/\/www.flexyfinder.com. Komentarze na stronie internetowej Gdy odwiedzaj\u0105cy zostawiaj\u0105 komentarze na stronie, zbieramy dane wy\u015bwietlane w formularzu komentarza, a tak\u017ce adres IP odwiedzaj\u0105cego i ci\u0105g agenta u\u017cytkownika przegl\u0105darki, aby u\u0142atwi\u0107 wykrywanie spamu. Zanonimizowany ci\u0105g znak\u00f3w utworzony z adresu e-mail u\u017cytkownika (zwany r\u00f3wnie\u017c skr\u00f3tem) mo\u017ce zosta\u0107 przekazany do us\u0142ugi [&hellip;]<\/p>\n","protected":false},"author":7,"featured_media":0,"parent":0,"menu_order":0,"comment_status":"closed","ping_status":"closed","template":"","meta":{"two_page_speed":[],"footnotes":""},"class_list":["post-1736","page","type-page","status-publish","hentry"],"yoast_head":"<!-- This site is optimized with the Yoast SEO plugin v23.4 - https:\/\/yoast.com\/wordpress\/plugins\/seo\/ -->\n<title>Polityka prywatno\u015bci - FlexyFinder<\/title>\n<meta name=\"robots\" content=\"index, follow, max-snippet:-1, max-image-preview:large, max-video-preview:-1\" \/>\n<link rel=\"canonical\" href=\"https:\/\/www.flexyfinder.com\/pl\/polityka-prywatnosci\/\" \/>\n<meta property=\"og:locale\" content=\"pl_PL\" \/>\n<meta property=\"og:type\" content=\"article\" \/>\n<meta property=\"og:title\" content=\"Polityka prywatno\u015bci - FlexyFinder\" \/>\n<meta property=\"og:description\" content=\"Polityka prywatno\u015bci Kim jeste\u015bmy Nasz adres internetowy to: https:\/\/www.flexyfinder.com. Komentarze na stronie internetowej Gdy odwiedzaj\u0105cy zostawiaj\u0105 komentarze na stronie, zbieramy dane wy\u015bwietlane w formularzu komentarza, a tak\u017ce adres IP odwiedzaj\u0105cego i ci\u0105g agenta u\u017cytkownika przegl\u0105darki, aby u\u0142atwi\u0107 wykrywanie spamu. Zanonimizowany ci\u0105g znak\u00f3w utworzony z adresu e-mail u\u017cytkownika (zwany r\u00f3wnie\u017c skr\u00f3tem) mo\u017ce zosta\u0107 przekazany do us\u0142ugi [&hellip;]\" \/>\n<meta property=\"og:url\" content=\"https:\/\/www.flexyfinder.com\/pl\/polityka-prywatnosci\/\" \/>\n<meta property=\"og:site_name\" content=\"FlexyFinder\" \/>\n<meta property=\"article:modified_time\" content=\"2024-09-18T10:26:26+00:00\" \/>\n<meta name=\"twitter:card\" content=\"summary_large_image\" \/>\n<meta name=\"twitter:label1\" content=\"Szacowany czas czytania\" \/>\n\t<meta name=\"twitter:data1\" content=\"20 minut\" \/>\n<script type=\"application\/ld+json\" class=\"yoast-schema-graph\">{\"@context\":\"https:\/\/schema.org\",\"@graph\":[{\"@type\":\"WebPage\",\"@id\":\"https:\/\/www.flexyfinder.com\/pl\/polityka-prywatnosci\/\",\"url\":\"https:\/\/www.flexyfinder.com\/pl\/polityka-prywatnosci\/\",\"name\":\"Polityka prywatno\u015bci - FlexyFinder\",\"isPartOf\":{\"@id\":\"https:\/\/www.flexyfinder.com\/pl\/#website\"},\"datePublished\":\"2024-09-03T13:20:24+00:00\",\"dateModified\":\"2024-09-18T10:26:26+00:00\",\"breadcrumb\":{\"@id\":\"https:\/\/www.flexyfinder.com\/pl\/polityka-prywatnosci\/#breadcrumb\"},\"inLanguage\":\"pl-PL\",\"potentialAction\":[{\"@type\":\"ReadAction\",\"target\":[\"https:\/\/www.flexyfinder.com\/pl\/polityka-prywatnosci\/\"]}]},{\"@type\":\"BreadcrumbList\",\"@id\":\"https:\/\/www.flexyfinder.com\/pl\/polityka-prywatnosci\/#breadcrumb\",\"itemListElement\":[{\"@type\":\"ListItem\",\"position\":1,\"name\":\"Home\",\"item\":\"https:\/\/www.flexyfinder.com\/pl\/\"},{\"@type\":\"ListItem\",\"position\":2,\"name\":\"Polityka prywatno\u015bci\"}]},{\"@type\":\"WebSite\",\"@id\":\"https:\/\/www.flexyfinder.com\/pl\/#website\",\"url\":\"https:\/\/www.flexyfinder.com\/pl\/\",\"name\":\"FlexyFinder\",\"description\":\"Dopasowywanie pracownik\u00f3w do firm\",\"publisher\":{\"@id\":\"https:\/\/www.flexyfinder.com\/pl\/#organization\"},\"potentialAction\":[{\"@type\":\"SearchAction\",\"target\":{\"@type\":\"EntryPoint\",\"urlTemplate\":\"https:\/\/www.flexyfinder.com\/pl\/?s={search_term_string}\"},\"query-input\":{\"@type\":\"PropertyValueSpecification\",\"valueRequired\":true,\"valueName\":\"search_term_string\"}}],\"inLanguage\":\"pl-PL\"},{\"@type\":\"Organization\",\"@id\":\"https:\/\/www.flexyfinder.com\/pl\/#organization\",\"name\":\"FlexyFinder\",\"url\":\"https:\/\/www.flexyfinder.com\/pl\/\",\"logo\":{\"@type\":\"ImageObject\",\"inLanguage\":\"pl-PL\",\"@id\":\"https:\/\/www.flexyfinder.com\/pl\/#\/schema\/logo\/image\/\",\"url\":\"https:\/\/www.flexyfinder.com\/wp-content\/uploads\/2024\/06\/FLFI_LOGOImage.png\",\"contentUrl\":\"https:\/\/www.flexyfinder.com\/wp-content\/uploads\/2024\/06\/FLFI_LOGOImage.png\",\"width\":991,\"height\":176,\"caption\":\"FlexyFinder\"},\"image\":{\"@id\":\"https:\/\/www.flexyfinder.com\/pl\/#\/schema\/logo\/image\/\"}}]}<\/script>\n<!-- \/ Yoast SEO plugin. -->","yoast_head_json":{"title":"Polityka prywatno\u015bci - FlexyFinder","robots":{"index":"index","follow":"follow","max-snippet":"max-snippet:-1","max-image-preview":"max-image-preview:large","max-video-preview":"max-video-preview:-1"},"canonical":"https:\/\/www.flexyfinder.com\/pl\/polityka-prywatnosci\/","og_locale":"pl_PL","og_type":"article","og_title":"Polityka prywatno\u015bci - FlexyFinder","og_description":"Polityka prywatno\u015bci Kim jeste\u015bmy Nasz adres internetowy to: https:\/\/www.flexyfinder.com. Komentarze na stronie internetowej Gdy odwiedzaj\u0105cy zostawiaj\u0105 komentarze na stronie, zbieramy dane wy\u015bwietlane w formularzu komentarza, a tak\u017ce adres IP odwiedzaj\u0105cego i ci\u0105g agenta u\u017cytkownika przegl\u0105darki, aby u\u0142atwi\u0107 wykrywanie spamu. Zanonimizowany ci\u0105g znak\u00f3w utworzony z adresu e-mail u\u017cytkownika (zwany r\u00f3wnie\u017c skr\u00f3tem) mo\u017ce zosta\u0107 przekazany do us\u0142ugi [&hellip;]","og_url":"https:\/\/www.flexyfinder.com\/pl\/polityka-prywatnosci\/","og_site_name":"FlexyFinder","article_modified_time":"2024-09-18T10:26:26+00:00","twitter_card":"summary_large_image","twitter_misc":{"Szacowany czas czytania":"20 minut"},"schema":{"@context":"https:\/\/schema.org","@graph":[{"@type":"WebPage","@id":"https:\/\/www.flexyfinder.com\/pl\/polityka-prywatnosci\/","url":"https:\/\/www.flexyfinder.com\/pl\/polityka-prywatnosci\/","name":"Polityka prywatno\u015bci - FlexyFinder","isPartOf":{"@id":"https:\/\/www.flexyfinder.com\/pl\/#website"},"datePublished":"2024-09-03T13:20:24+00:00","dateModified":"2024-09-18T10:26:26+00:00","breadcrumb":{"@id":"https:\/\/www.flexyfinder.com\/pl\/polityka-prywatnosci\/#breadcrumb"},"inLanguage":"pl-PL","potentialAction":[{"@type":"ReadAction","target":["https:\/\/www.flexyfinder.com\/pl\/polityka-prywatnosci\/"]}]},{"@type":"BreadcrumbList","@id":"https:\/\/www.flexyfinder.com\/pl\/polityka-prywatnosci\/#breadcrumb","itemListElement":[{"@type":"ListItem","position":1,"name":"Home","item":"https:\/\/www.flexyfinder.com\/pl\/"},{"@type":"ListItem","position":2,"name":"Polityka prywatno\u015bci"}]},{"@type":"WebSite","@id":"https:\/\/www.flexyfinder.com\/pl\/#website","url":"https:\/\/www.flexyfinder.com\/pl\/","name":"FlexyFinder","description":"Dopasowywanie pracownik\u00f3w do firm","publisher":{"@id":"https:\/\/www.flexyfinder.com\/pl\/#organization"},"potentialAction":[{"@type":"SearchAction","target":{"@type":"EntryPoint","urlTemplate":"https:\/\/www.flexyfinder.com\/pl\/?s={search_term_string}"},"query-input":{"@type":"PropertyValueSpecification","valueRequired":true,"valueName":"search_term_string"}}],"inLanguage":"pl-PL"},{"@type":"Organization","@id":"https:\/\/www.flexyfinder.com\/pl\/#organization","name":"FlexyFinder","url":"https:\/\/www.flexyfinder.com\/pl\/","logo":{"@type":"ImageObject","inLanguage":"pl-PL","@id":"https:\/\/www.flexyfinder.com\/pl\/#\/schema\/logo\/image\/","url":"https:\/\/www.flexyfinder.com\/wp-content\/uploads\/2024\/06\/FLFI_LOGOImage.png","contentUrl":"https:\/\/www.flexyfinder.com\/wp-content\/uploads\/2024\/06\/FLFI_LOGOImage.png","width":991,"height":176,"caption":"FlexyFinder"},"image":{"@id":"https:\/\/www.flexyfinder.com\/pl\/#\/schema\/logo\/image\/"}}]}},"_links":{"self":[{"href":"https:\/\/www.flexyfinder.com\/pl\/wp-json\/wp\/v2\/pages\/1736","targetHints":{"allow":["GET"]}}],"collection":[{"href":"https:\/\/www.flexyfinder.com\/pl\/wp-json\/wp\/v2\/pages"}],"about":[{"href":"https:\/\/www.flexyfinder.com\/pl\/wp-json\/wp\/v2\/types\/page"}],"author":[{"embeddable":true,"href":"https:\/\/www.flexyfinder.com\/pl\/wp-json\/wp\/v2\/users\/7"}],"replies":[{"embeddable":true,"href":"https:\/\/www.flexyfinder.com\/pl\/wp-json\/wp\/v2\/comments?post=1736"}],"version-history":[{"count":4,"href":"https:\/\/www.flexyfinder.com\/pl\/wp-json\/wp\/v2\/pages\/1736\/revisions"}],"predecessor-version":[{"id":2080,"href":"https:\/\/www.flexyfinder.com\/pl\/wp-json\/wp\/v2\/pages\/1736\/revisions\/2080"}],"wp:attachment":[{"href":"https:\/\/www.flexyfinder.com\/pl\/wp-json\/wp\/v2\/media?parent=1736"}],"curies":[{"name":"wp","href":"https:\/\/api.w.org\/{rel}","templated":true}]}}